{"id":2013,"date":"2023-01-05T13:56:18","date_gmt":"2023-01-05T13:56:18","guid":{"rendered":"https:\/\/www.grecogres.com\/nuevo\/?page_id=2013"},"modified":"2024-07-08T14:36:21","modified_gmt":"2024-07-08T14:36:21","slug":"private-area","status":"publish","type":"page","link":"https:\/\/www.grecogres.com\/en\/private-area\/","title":{"rendered":"Private area"},"content":{"rendered":"","protected":true},"excerpt":{"rendered":"","protected":true},"author":2,"featured_media":0,"parent":0,"menu_order":0,"comment_status":"closed","ping_status":"closed","template":"","meta":{"_et_pb_use_builder":"on","_et_pb_old_content":"","_et_gb_content_width":"","footnotes":""},"class_list":["post-2013","page","type-page","status-publish","post-password-required","hentry"],"yoast_head":"<!-- This site is optimized with the Yoast SEO plugin v25.0 - https:\/\/yoast.com\/wordpress\/plugins\/seo\/ -->\n<title>\u00c1rea privada - Grupo Greco Gres Internacional<\/title>\n<meta name=\"description\" content=\"\u00c1rea privada - Grupo Greco Gres Internacional. Siga los avances de sus proyectos desde nuestra \u00e1rea privada.\" \/>\n<meta name=\"robots\" content=\"index, follow, max-snippet:-1, max-image-preview:large, max-video-preview:-1\" \/>\n<link rel=\"canonical\" href=\"https:\/\/www.grecogres.com\/en\/private-area\/\" \/>\n<meta property=\"og:locale\" content=\"en_GB\" \/>\n<meta property=\"og:type\" content=\"article\" \/>\n<meta property=\"og:title\" content=\"\u00c1rea privada - Grupo Greco Gres Internacional\" \/>\n<meta property=\"og:description\" content=\"\u00c1rea privada - Grupo Greco Gres Internacional. Siga los avances de sus proyectos desde nuestra \u00e1rea privada.\" \/>\n<meta property=\"og:url\" content=\"https:\/\/www.grecogres.com\/en\/private-area\/\" \/>\n<meta property=\"og:site_name\" content=\"Grupo Greco Gres Internacional\" \/>\n<meta property=\"article:modified_time\" content=\"2024-07-08T14:36:21+00:00\" \/>\n<meta name=\"twitter:card\" content=\"summary_large_image\" \/>\n<meta name=\"twitter:label1\" content=\"Estimated reading time\" \/>\n\t<meta name=\"twitter:data1\" content=\"3 minutes\" \/>\n<script type=\"application\/ld+json\" class=\"yoast-schema-graph\">{\"@context\":\"https:\/\/schema.org\",\"@graph\":[{\"@type\":\"WebPage\",\"@id\":\"https:\/\/www.grecogres.com\/en\/private-area\/\",\"url\":\"https:\/\/www.grecogres.com\/en\/private-area\/\",\"name\":\"\u00c1rea privada - Grupo Greco Gres Internacional\",\"isPartOf\":{\"@id\":\"https:\/\/www.grecogres.com\/en\/#website\"},\"datePublished\":\"2023-01-05T13:56:18+00:00\",\"dateModified\":\"2024-07-08T14:36:21+00:00\",\"breadcrumb\":{\"@id\":\"https:\/\/www.grecogres.com\/en\/private-area\/#breadcrumb\"},\"inLanguage\":\"en-GB\"},{\"@type\":\"WebSite\",\"@id\":\"https:\/\/www.grecogres.com\/en\/#website\",\"url\":\"https:\/\/www.grecogres.com\/en\/\",\"name\":\"Grupo Greco Gres Internacional\",\"description\":\"iCeramics by extrusion\",\"publisher\":{\"@id\":\"https:\/\/www.grecogres.com\/en\/#organization\"},\"potentialAction\":[{\"@type\":\"SearchAction\",\"target\":{\"@type\":\"EntryPoint\",\"urlTemplate\":\"https:\/\/www.grecogres.com\/en\/?s={search_term_string}\"},\"query-input\":{\"@type\":\"PropertyValueSpecification\",\"valueRequired\":true,\"valueName\":\"search_term_string\"}}],\"inLanguage\":\"en-GB\"},{\"@type\":\"Organization\",\"@id\":\"https:\/\/www.grecogres.com\/en\/#organization\",\"name\":\"Greco Gres Internacional\",\"alternateName\":\"Greco Gres\",\"url\":\"https:\/\/www.grecogres.com\/en\/\",\"logo\":{\"@type\":\"ImageObject\",\"inLanguage\":\"en-GB\",\"@id\":\"https:\/\/www.grecogres.com\/en\/#\/schema\/logo\/image\/\",\"url\":\"https:\/\/www.grecogres.com\/en\/wp-content\/uploads\/2023\/04\/logo-greco-gres-COLOR.png\",\"contentUrl\":\"https:\/\/www.grecogres.com\/en\/wp-content\/uploads\/2023\/04\/logo-greco-gres-COLOR.png\",\"width\":140,\"height\":105,\"caption\":\"Greco Gres Internacional\"},\"image\":{\"@id\":\"https:\/\/www.grecogres.com\/en\/#\/schema\/logo\/image\/\"}}]}<\/script>\n<!-- \/ Yoast SEO plugin. -->","yoast_head_json":{"title":"\u00c1rea privada - Grupo Greco Gres Internacional","description":"\u00c1rea privada - Grupo Greco Gres Internacional. Siga los avances de sus proyectos desde nuestra \u00e1rea privada.","robots":{"index":"index","follow":"follow","max-snippet":"max-snippet:-1","max-image-preview":"max-image-preview:large","max-video-preview":"max-video-preview:-1"},"canonical":"https:\/\/www.grecogres.com\/en\/private-area\/","og_locale":"en_GB","og_type":"article","og_title":"\u00c1rea privada - Grupo Greco Gres Internacional","og_description":"\u00c1rea privada - Grupo Greco Gres Internacional. Siga los avances de sus proyectos desde nuestra \u00e1rea privada.","og_url":"https:\/\/www.grecogres.com\/en\/private-area\/","og_site_name":"Grupo Greco Gres Internacional","article_modified_time":"2024-07-08T14:36:21+00:00","twitter_card":"summary_large_image","twitter_misc":{"Estimated reading time":"3 minutes"},"schema":{"@context":"https:\/\/schema.org","@graph":[{"@type":"WebPage","@id":"https:\/\/www.grecogres.com\/en\/private-area\/","url":"https:\/\/www.grecogres.com\/en\/private-area\/","name":"\u00c1rea privada - Grupo Greco Gres Internacional","isPartOf":{"@id":"https:\/\/www.grecogres.com\/en\/#website"},"datePublished":"2023-01-05T13:56:18+00:00","dateModified":"2024-07-08T14:36:21+00:00","breadcrumb":{"@id":"https:\/\/www.grecogres.com\/en\/private-area\/#breadcrumb"},"inLanguage":"en-GB"},{"@type":"WebSite","@id":"https:\/\/www.grecogres.com\/en\/#website","url":"https:\/\/www.grecogres.com\/en\/","name":"Grupo Greco Gres Internacional","description":"iCeramics by extrusion","publisher":{"@id":"https:\/\/www.grecogres.com\/en\/#organization"},"potentialAction":[{"@type":"SearchAction","target":{"@type":"EntryPoint","urlTemplate":"https:\/\/www.grecogres.com\/en\/?s={search_term_string}"},"query-input":{"@type":"PropertyValueSpecification","valueRequired":true,"valueName":"search_term_string"}}],"inLanguage":"en-GB"},{"@type":"Organization","@id":"https:\/\/www.grecogres.com\/en\/#organization","name":"Greco Gres Internacional","alternateName":"Greco Gres","url":"https:\/\/www.grecogres.com\/en\/","logo":{"@type":"ImageObject","inLanguage":"en-GB","@id":"https:\/\/www.grecogres.com\/en\/#\/schema\/logo\/image\/","url":"https:\/\/www.grecogres.com\/en\/wp-content\/uploads\/2023\/04\/logo-greco-gres-COLOR.png","contentUrl":"https:\/\/www.grecogres.com\/en\/wp-content\/uploads\/2023\/04\/logo-greco-gres-COLOR.png","width":140,"height":105,"caption":"Greco Gres Internacional"},"image":{"@id":"https:\/\/www.grecogres.com\/en\/#\/schema\/logo\/image\/"}}]}},"_links":{"self":[{"href":"https:\/\/www.grecogres.com\/en\/wp-json\/wp\/v2\/pages\/2013","targetHints":{"allow":["GET"]}}],"collection":[{"href":"https:\/\/www.grecogres.com\/en\/wp-json\/wp\/v2\/pages"}],"about":[{"href":"https:\/\/www.grecogres.com\/en\/wp-json\/wp\/v2\/types\/page"}],"author":[{"embeddable":true,"href":"https:\/\/www.grecogres.com\/en\/wp-json\/wp\/v2\/users\/2"}],"replies":[{"embeddable":true,"href":"https:\/\/www.grecogres.com\/en\/wp-json\/wp\/v2\/comments?post=2013"}],"version-history":[{"count":85,"href":"https:\/\/www.grecogres.com\/en\/wp-json\/wp\/v2\/pages\/2013\/revisions"}],"predecessor-version":[{"id":10936,"href":"https:\/\/www.grecogres.com\/en\/wp-json\/wp\/v2\/pages\/2013\/revisions\/10936"}],"wp:attachment":[{"href":"https:\/\/www.grecogres.com\/en\/wp-json\/wp\/v2\/media?parent=2013"}],"curies":[{"name":"wp","href":"https:\/\/api.w.org\/{rel}","templated":true}]}}