{"id":5845,"date":"2023-06-28T13:38:29","date_gmt":"2023-06-28T13:38:29","guid":{"rendered":"https:\/\/www.grecogres.com\/?page_id=5845"},"modified":"2024-07-15T22:10:43","modified_gmt":"2024-07-15T22:10:43","slug":"quality-and-enviroment-policy","status":"publish","type":"page","link":"https:\/\/www.grecogres.com\/en\/quality-and-enviroment-policy\/","title":{"rendered":"Quality and Enviroment Policy"},"content":{"rendered":"<p>[et_pb_section fb_built=&#8221;1&#8243; custom_padding_last_edited=&#8221;on|desktop&#8221; _builder_version=&#8221;4.24.2&#8243; _module_preset=&#8221;default&#8221; background_color=&#8221;RGBA(255,255,255,0)&#8221; use_background_color_gradient=&#8221;on&#8221; background_color_gradient_stops=&#8221;#323232 25%|rgba(255,255,255,0) 99%&#8221; background_color_gradient_overlays_image=&#8221;on&#8221; background_image=&#8221;https:\/\/www.grecogres.com\/en\/wp-content\/uploads\/2024\/03\/politica-calidad-medio-ambiente-grupo-greco-gres.jpg&#8221; parallax=&#8221;on&#8221; custom_padding=&#8221;180px||40px||false|false&#8221; custom_padding_tablet=&#8221;180px||||false|false&#8221; custom_padding_phone=&#8221;180px||40px||false|false&#8221; bottom_divider_height=&#8221;50px&#8221; global_colors_info=&#8221;{}&#8221;][et_pb_row _builder_version=&#8221;4.24.2&#8243; _module_preset=&#8221;default&#8221; width_tablet=&#8221;&#8221; width_phone=&#8221;90%&#8221; width_last_edited=&#8221;on|phone&#8221; module_alignment=&#8221;center&#8221; custom_margin=&#8221;0px||0px||false|false&#8221; custom_padding=&#8221;40px||0px||false|true&#8221; module_alignment_tablet=&#8221;center&#8221; module_alignment_phone=&#8221;center&#8221; module_alignment_last_edited=&#8221;on|desktop&#8221; global_colors_info=&#8221;{}&#8221; custom_css_main_element_last_edited=&#8221;on|phone&#8221; custom_css_main_element_phone=&#8221;max-width:350px;&#8221;][et_pb_column type=&#8221;4_4&#8243; _builder_version=&#8221;4.20.4&#8243; _module_preset=&#8221;default&#8221; animation_direction=&#8221;left&#8221; global_colors_info=&#8221;{}&#8221;][dsm_text_badges main_text=&#8221;QUALITY AND ENVIROMENT&#8221; badges_text=&#8221;POLICY&#8221; badges_background_color=&#8221;#c99226&#8243; badges_gap=&#8221;10px&#8221; _builder_version=&#8221;4.26.1&#8243; _module_preset=&#8221;default&#8221; header_level=&#8221;h1&#8243; header_font=&#8221;|300||on|||||&#8221; header_text_color=&#8221;#ffffff&#8221; header_font_size=&#8221;40px&#8221; badges_font=&#8221;|700|||||||&#8221; badges_letter_spacing=&#8221;2px&#8221; text_orientation=&#8221;left&#8221; custom_padding=&#8221;||25px||false|false&#8221; header_font_size_tablet=&#8221;50px&#8221; header_font_size_phone=&#8221;30px&#8221; header_font_size_last_edited=&#8221;on|phone&#8221; text_orientation_tablet=&#8221;center&#8221; text_orientation_phone=&#8221;center&#8221; text_orientation_last_edited=&#8221;on|tablet&#8221; global_colors_info=&#8221;{}&#8221;][\/dsm_text_badges][\/et_pb_column][\/et_pb_row][\/et_pb_section][et_pb_section fb_built=&#8221;1&#8243; custom_padding_last_edited=&#8221;on|desktop&#8221; _builder_version=&#8221;4.24.2&#8243; _module_preset=&#8221;default&#8221; custom_padding=&#8221;40px||40px||true|false&#8221; custom_padding_tablet=&#8221;40px||40px||true|false&#8221; custom_padding_phone=&#8221;40px||40px||true|false&#8221; bottom_divider_height=&#8221;50px&#8221; global_colors_info=&#8221;{}&#8221;][et_pb_row _builder_version=&#8221;4.24.2&#8243; _module_preset=&#8221;default&#8221; custom_padding=&#8221;|||0px|false|false&#8221; global_colors_info=&#8221;{}&#8221;][et_pb_column type=&#8221;4_4&#8243; _builder_version=&#8221;4.20.4&#8243; _module_preset=&#8221;default&#8221; global_colors_info=&#8221;{}&#8221;][et_pb_text _builder_version=&#8221;4.26.1&#8243; _module_preset=&#8221;default&#8221; text_font=&#8221;|300|||||||&#8221; hover_enabled=&#8221;0&#8243; global_colors_info=&#8221;{}&#8221; sticky_enabled=&#8221;0&#8243;]<\/p>\n<p>GRUPO GRECO GRES INTERNACIONAL S.L., whose activity is focused on the distribution of its ceramic products for construction, is aware of the need to develop this activity observing the <strong>highest levels of environmental protection<\/strong>, achieving the highest possible degree of quality in the provision of its services.<\/p>\n<p>To this end, it has established an <strong>Integrated Quality and Environmental Management System<\/strong> based on the requirements established by the ISO 9001 and ISO 14001 standards, structured around this Quality and Environmental Policy.<\/p>\n<p>GRUPO GRECO GRES INTERNACIONAL S.L., considering the risks and opportunities inherent in its activity, has opted for this integrated Policy, which establishes the<strong> basic criteria for action<\/strong> that constitute the pillar on which its Integrated Management System is based and the general guidelines that are established are as follows:<\/p>\n<ul>\n<li>Firm commitment in the development of its activity to comply with the established<strong> legal and regulatory requirements<\/strong>, as well as with other requirements that the organization subscribes related to environmental aspects so that this Policy is the frame of reference to establish and review its objectives.<\/li>\n<li>To achieve the<strong> full satisfaction of its customers<\/strong>, providing them with services in accordance with the established needs, expectations and requirements.<\/li>\n<li>The commitment to plan its activities to ensure the prevention of environmental <strong>pollution<\/strong>.<\/li>\n<li>Minimize the environmental impact of our activity by focusing on the<strong> management of the waste<\/strong> generated.<\/li>\n<li>To ensure the least possible impact on the environment through the contracting of <strong>specialized managers<\/strong>.<\/li>\n<li><strong>Continuous improvement<\/strong> of the effectiveness of its Integrated Management System.<\/li>\n<li>Fostering <strong>relationships<\/strong> with its customers and stakeholders.<\/li>\n<li><strong>Communicate the commitments<\/strong> acquired with the Quality and Environment to its employees and interested parties.<\/li>\n<li>To train and motivate its <strong>employees<\/strong> as a means of achieving maximum efficiency in each of the activities carried out.<\/li>\n<li>Ensure communication of this Policy to all employees as part of their training and make it available to interested parties through its <strong>web site<\/strong>.<\/li>\n<\/ul>\n<p>This Policy provides the framework for determining and reviewing its quality and environmental objectives, which will be developed and reviewed periodically, establishing a control and review of the system by the Management.<\/p>\n<p>[\/et_pb_text][\/et_pb_column][\/et_pb_row][\/et_pb_section]<\/p>\n","protected":false},"excerpt":{"rendered":"<p><div class=\"et_pb_module dsm_text_badges dsm_text_badges_0  et_pb_text_align_left et_pb_text_align_center-tablet et_pb_bg_layout_light\">\n\t\t\t\t\n\t\t\t\t\n\t\t\t\t\n\t\t\t\t\n\t\t\t\t\n\t\t\t\t\n\t\t\t\t<div class=\"et_pb_module_inner\">\n\t\t\t\t\t<h1 class=\"dsm-text-badges et_pb_module_header\"><span class=\"dsm-text-badges-main\">QUALITY AND ENVIROMENT<\/span><span class=\"dsm-badges dsm-badges-after\">POLICY<\/span><\/h1>\n\t\t\t\t<\/div>\n\t\t\t<\/div>GRUPO GRECO GRES INTERNACIONAL S.L., whose activity is focused on the distribution of its ceramic products for construction, is aware of the need to develop this activity observing the highest levels of [&hellip;]<\/p>\n","protected":false},"author":2,"featured_media":0,"parent":0,"menu_order":0,"comment_status":"closed","ping_status":"closed","template":"","meta":{"_et_pb_use_builder":"on","_et_pb_old_content":"","_et_gb_content_width":"","footnotes":""},"class_list":["post-5845","page","type-page","status-publish","hentry"],"yoast_head":"<!-- This site is optimized with the Yoast SEO plugin v25.0 - https:\/\/yoast.com\/wordpress\/plugins\/seo\/ -->\n<title>Pol\u00edtica de Calidad y Medio Ambiente - Greco Gres Internacional<\/title>\n<meta name=\"description\" content=\"Pol\u00edtica de Calidad y Medio Ambiente de la empresa Greco Gres Internacional. Cumplimos con altos niveles de protecci\u00f3n al medio ambiente.\" \/>\n<meta name=\"robots\" content=\"index, follow, max-snippet:-1, max-image-preview:large, max-video-preview:-1\" \/>\n<link rel=\"canonical\" href=\"https:\/\/www.grecogres.com\/en\/quality-and-enviroment-policy\/\" \/>\n<meta property=\"og:locale\" content=\"en_GB\" \/>\n<meta property=\"og:type\" content=\"article\" \/>\n<meta property=\"og:title\" content=\"Pol\u00edtica de Calidad y Medio Ambiente - Greco Gres Internacional\" \/>\n<meta property=\"og:description\" content=\"Pol\u00edtica de Calidad y Medio Ambiente de la empresa Greco Gres Internacional. Cumplimos con altos niveles de protecci\u00f3n al medio ambiente.\" \/>\n<meta property=\"og:url\" content=\"https:\/\/www.grecogres.com\/en\/quality-and-enviroment-policy\/\" \/>\n<meta property=\"og:site_name\" content=\"Grupo Greco Gres Internacional\" \/>\n<meta property=\"article:modified_time\" content=\"2024-07-15T22:10:43+00:00\" \/>\n<meta name=\"twitter:card\" content=\"summary_large_image\" \/>\n<meta name=\"twitter:label1\" content=\"Estimated reading time\" \/>\n\t<meta name=\"twitter:data1\" content=\"3 minutes\" \/>\n<script type=\"application\/ld+json\" class=\"yoast-schema-graph\">{\"@context\":\"https:\/\/schema.org\",\"@graph\":[{\"@type\":\"WebPage\",\"@id\":\"https:\/\/www.grecogres.com\/en\/quality-and-enviroment-policy\/\",\"url\":\"https:\/\/www.grecogres.com\/en\/quality-and-enviroment-policy\/\",\"name\":\"Pol\u00edtica de Calidad y Medio Ambiente - Greco Gres Internacional\",\"isPartOf\":{\"@id\":\"https:\/\/www.grecogres.com\/en\/#website\"},\"datePublished\":\"2023-06-28T13:38:29+00:00\",\"dateModified\":\"2024-07-15T22:10:43+00:00\",\"description\":\"Pol\u00edtica de Calidad y Medio Ambiente de la empresa Greco Gres Internacional. Cumplimos con altos niveles de protecci\u00f3n al medio ambiente.\",\"breadcrumb\":{\"@id\":\"https:\/\/www.grecogres.com\/en\/quality-and-enviroment-policy\/#breadcrumb\"},\"inLanguage\":\"en-GB\",\"potentialAction\":[{\"@type\":\"ReadAction\",\"target\":[\"https:\/\/www.grecogres.com\/en\/quality-and-enviroment-policy\/\"]}]},{\"@type\":\"BreadcrumbList\",\"@id\":\"https:\/\/www.grecogres.com\/en\/quality-and-enviroment-policy\/#breadcrumb\",\"itemListElement\":[{\"@type\":\"ListItem\",\"position\":1,\"name\":\"Portada\",\"item\":\"https:\/\/www.grecogres.com\/en\/\"},{\"@type\":\"ListItem\",\"position\":2,\"name\":\"Quality and Enviroment Policy\"}]},{\"@type\":\"WebSite\",\"@id\":\"https:\/\/www.grecogres.com\/en\/#website\",\"url\":\"https:\/\/www.grecogres.com\/en\/\",\"name\":\"Grupo Greco Gres Internacional\",\"description\":\"iCeramics by extrusion\",\"publisher\":{\"@id\":\"https:\/\/www.grecogres.com\/en\/#organization\"},\"potentialAction\":[{\"@type\":\"SearchAction\",\"target\":{\"@type\":\"EntryPoint\",\"urlTemplate\":\"https:\/\/www.grecogres.com\/en\/?s={search_term_string}\"},\"query-input\":{\"@type\":\"PropertyValueSpecification\",\"valueRequired\":true,\"valueName\":\"search_term_string\"}}],\"inLanguage\":\"en-GB\"},{\"@type\":\"Organization\",\"@id\":\"https:\/\/www.grecogres.com\/en\/#organization\",\"name\":\"Greco Gres Internacional\",\"alternateName\":\"Greco Gres\",\"url\":\"https:\/\/www.grecogres.com\/en\/\",\"logo\":{\"@type\":\"ImageObject\",\"inLanguage\":\"en-GB\",\"@id\":\"https:\/\/www.grecogres.com\/en\/#\/schema\/logo\/image\/\",\"url\":\"https:\/\/www.grecogres.com\/en\/wp-content\/uploads\/2023\/04\/logo-greco-gres-COLOR.png\",\"contentUrl\":\"https:\/\/www.grecogres.com\/en\/wp-content\/uploads\/2023\/04\/logo-greco-gres-COLOR.png\",\"width\":140,\"height\":105,\"caption\":\"Greco Gres Internacional\"},\"image\":{\"@id\":\"https:\/\/www.grecogres.com\/en\/#\/schema\/logo\/image\/\"}}]}<\/script>\n<!-- \/ Yoast SEO plugin. -->","yoast_head_json":{"title":"Pol\u00edtica de Calidad y Medio Ambiente - Greco Gres Internacional","description":"Pol\u00edtica de Calidad y Medio Ambiente de la empresa Greco Gres Internacional. Cumplimos con altos niveles de protecci\u00f3n al medio ambiente.","robots":{"index":"index","follow":"follow","max-snippet":"max-snippet:-1","max-image-preview":"max-image-preview:large","max-video-preview":"max-video-preview:-1"},"canonical":"https:\/\/www.grecogres.com\/en\/quality-and-enviroment-policy\/","og_locale":"en_GB","og_type":"article","og_title":"Pol\u00edtica de Calidad y Medio Ambiente - Greco Gres Internacional","og_description":"Pol\u00edtica de Calidad y Medio Ambiente de la empresa Greco Gres Internacional. Cumplimos con altos niveles de protecci\u00f3n al medio ambiente.","og_url":"https:\/\/www.grecogres.com\/en\/quality-and-enviroment-policy\/","og_site_name":"Grupo Greco Gres Internacional","article_modified_time":"2024-07-15T22:10:43+00:00","twitter_card":"summary_large_image","twitter_misc":{"Estimated reading time":"3 minutes"},"schema":{"@context":"https:\/\/schema.org","@graph":[{"@type":"WebPage","@id":"https:\/\/www.grecogres.com\/en\/quality-and-enviroment-policy\/","url":"https:\/\/www.grecogres.com\/en\/quality-and-enviroment-policy\/","name":"Pol\u00edtica de Calidad y Medio Ambiente - Greco Gres Internacional","isPartOf":{"@id":"https:\/\/www.grecogres.com\/en\/#website"},"datePublished":"2023-06-28T13:38:29+00:00","dateModified":"2024-07-15T22:10:43+00:00","description":"Pol\u00edtica de Calidad y Medio Ambiente de la empresa Greco Gres Internacional. Cumplimos con altos niveles de protecci\u00f3n al medio ambiente.","breadcrumb":{"@id":"https:\/\/www.grecogres.com\/en\/quality-and-enviroment-policy\/#breadcrumb"},"inLanguage":"en-GB","potentialAction":[{"@type":"ReadAction","target":["https:\/\/www.grecogres.com\/en\/quality-and-enviroment-policy\/"]}]},{"@type":"BreadcrumbList","@id":"https:\/\/www.grecogres.com\/en\/quality-and-enviroment-policy\/#breadcrumb","itemListElement":[{"@type":"ListItem","position":1,"name":"Portada","item":"https:\/\/www.grecogres.com\/en\/"},{"@type":"ListItem","position":2,"name":"Quality and Enviroment Policy"}]},{"@type":"WebSite","@id":"https:\/\/www.grecogres.com\/en\/#website","url":"https:\/\/www.grecogres.com\/en\/","name":"Grupo Greco Gres Internacional","description":"iCeramics by extrusion","publisher":{"@id":"https:\/\/www.grecogres.com\/en\/#organization"},"potentialAction":[{"@type":"SearchAction","target":{"@type":"EntryPoint","urlTemplate":"https:\/\/www.grecogres.com\/en\/?s={search_term_string}"},"query-input":{"@type":"PropertyValueSpecification","valueRequired":true,"valueName":"search_term_string"}}],"inLanguage":"en-GB"},{"@type":"Organization","@id":"https:\/\/www.grecogres.com\/en\/#organization","name":"Greco Gres Internacional","alternateName":"Greco Gres","url":"https:\/\/www.grecogres.com\/en\/","logo":{"@type":"ImageObject","inLanguage":"en-GB","@id":"https:\/\/www.grecogres.com\/en\/#\/schema\/logo\/image\/","url":"https:\/\/www.grecogres.com\/en\/wp-content\/uploads\/2023\/04\/logo-greco-gres-COLOR.png","contentUrl":"https:\/\/www.grecogres.com\/en\/wp-content\/uploads\/2023\/04\/logo-greco-gres-COLOR.png","width":140,"height":105,"caption":"Greco Gres Internacional"},"image":{"@id":"https:\/\/www.grecogres.com\/en\/#\/schema\/logo\/image\/"}}]}},"_links":{"self":[{"href":"https:\/\/www.grecogres.com\/en\/wp-json\/wp\/v2\/pages\/5845","targetHints":{"allow":["GET"]}}],"collection":[{"href":"https:\/\/www.grecogres.com\/en\/wp-json\/wp\/v2\/pages"}],"about":[{"href":"https:\/\/www.grecogres.com\/en\/wp-json\/wp\/v2\/types\/page"}],"author":[{"embeddable":true,"href":"https:\/\/www.grecogres.com\/en\/wp-json\/wp\/v2\/users\/2"}],"replies":[{"embeddable":true,"href":"https:\/\/www.grecogres.com\/en\/wp-json\/wp\/v2\/comments?post=5845"}],"version-history":[{"count":30,"href":"https:\/\/www.grecogres.com\/en\/wp-json\/wp\/v2\/pages\/5845\/revisions"}],"predecessor-version":[{"id":11173,"href":"https:\/\/www.grecogres.com\/en\/wp-json\/wp\/v2\/pages\/5845\/revisions\/11173"}],"wp:attachment":[{"href":"https:\/\/www.grecogres.com\/en\/wp-json\/wp\/v2\/media?parent=5845"}],"curies":[{"name":"wp","href":"https:\/\/api.w.org\/{rel}","templated":true}]}}